{"id":8,"date":"2016-04-19T20:52:07","date_gmt":"2016-04-19T20:52:07","guid":{"rendered":"http:\/\/ferienwohnungamwildpflanzenpark.de\/?page_id=8"},"modified":"2024-02-04T18:24:06","modified_gmt":"2024-02-04T18:24:06","slug":"bilder","status":"publish","type":"page","link":"https:\/\/www.ferienwohnungamwildpflanzenpark.de\/","title":{"rendered":"Willkommen \/ Welcome"},"content":{"rendered":"\n<div class=\"wp-block-image\"><figure class=\"aligncenter size-full\"><img loading=\"lazy\" width=\"100\" height=\"59\" src=\"https:\/\/www.ferienwohnungamwildpflanzenpark.de\/wp-content\/uploads\/2024\/02\/flagge_dtld.png\" alt=\"\" class=\"wp-image-248\"\/><\/figure><\/div>\n\n\n\n<p><em>Herzlich Willkommen auf der Website der Ferienwohnung am Wildpflanzenpark!<\/em><\/p>\n\n\n\n<p>Wir laden Sie und Ihre Familie herzlich ein, eine erholsame Zeit bei uns zu verbringen.<u><\/u><u><\/u><\/p>\n\n\n\n<p>Unser Haus liegt in Mitten des Ortskerns von Unterkirnach im Schwarzwald. Der 200m entfernte Unterkirnacher Einkaufsmarkt versorgt Sie mit Lebensmitteln.<br>Ebenfalls in Laufn\u00e4he befinden sich eine Bank mit Geldautomat, ein Friseur, sowie die im Tourismusb\u00fcro integrierte Postagentur.<br>Eine Apotheke, ein allgemeiner Arzt sowie eine physiotherapeutische Praxis sind ebenfalls in der Ortsmitte.<\/p>\n\n\n\n<p>Wenn Sie ohne PKW anreisen, k\u00f6nnen Sie die &nbsp;n\u00e4chste Bushaltestelle auf der Kirnachbr\u00fccke in 300m Entfernung bequem &nbsp;zu Fu\u00df zu erreichen.<u><\/u><u><\/u><\/p>\n\n\n\n<p>Direkt vor Ihrer Terasse am &nbsp;Haus &nbsp;liegt der Wildpflanzenpark mit sieben Biotopen, hier k\u00f6nnen Sie die heimische Flora und Fauna erleben. Fische, Fr\u00f6sche, Enten und G\u00e4nse k\u00f6nnen aus n\u00e4chster N\u00e4he beobachtet werden und die B\u00e4nke laden zu einer kleinen Pause ein.<br>Der namensgebende Bach von Unterkirnach \u2013 die Kirnach \u2013 ist in H\u00f6rweite. Er durchflie\u00dft den an den Wildpflanzenpark angrenzenden Talsee und kann von zwei Br\u00fccken aus von oben bewundert werden.<u><\/u><u><\/u><\/p>\n\n\n\n<p>Auf dem gegen\u00fcberliegenden Talhang erstreckt sich eine Streuobstwiese, auf der verschieden alte Sorten \u00c4pfel und Zwetschgen herangezogen werden. Die Landschaftspflege wird dort in der Sommersaison von 15 Schafen \u00fcbernommen.<\/p>\n\n\n\n<p>Informationen \u00fcber Unterkirnach finden Sie auf der Website der Gemeinde Unterkirnach:<\/p>\n\n\n\n<blockquote class=\"wp-block-quote\"><p style=\"padding-left: 30px;\"><a href=\"http:\/\/www.unterkirnach.de\" target=\"_blank\" rel=\"noopener noreferrer\"><strong>www.unterkirnach.de<\/strong><\/a><\/p><\/blockquote>\n\n\n\n<div class=\"wp-block-image\"><figure class=\"aligncenter size-full\"><img loading=\"lazy\" width=\"100\" height=\"60\" src=\"https:\/\/www.ferienwohnungamwildpflanzenpark.de\/wp-content\/uploads\/2024\/02\/flag_gb.png\" alt=\"\" class=\"wp-image-247\"\/><\/figure><\/div>\n\n\n\n<p><em>Welcome to the website of our holiday apartment &#8220;Ferienwohnung am Wildpflanzenpark&#8221;!<\/em><\/p>\n\n\n\n<p>Dearly we want to invite you and your family into our holiday apartment.<\/p>\n\n\n\n<p>The house is centrally located in the village of Unterkirnach in the Black Forest. The apartment offers you a comfortable and unique accommodation for your special vacation.<\/p>\n\n\n\n<p>Completely furnished with our modern interpreted country home design concept you can expect to have everything you need to enjoy the time during your stay. You will find a spacious bedroom for two with a big and comfortable bed, the welcoming living room with integrated dining area and a modern kitchen with all the equipment you need. The big bathroom with shower and separate tub as well as the friendly entry way will also be just your own to enjoy.&nbsp; Sitting on your private terrace, you can listen to the soothing noises of the local park with indigenous plants which is right in front of the house. Walking through the park, you can watch the ducks and geese in the pond and if you choose to expand your route, you will reach the meadow with scattered fruit trees on the opposite hillside, where sheep graze during the summer months.<\/p>\n\n\n\n<p>The local grocery store is located only 200 m away. You can also reach a cash point, a hair dresser and a post office quickly by foot. The medical infrastructure of the village is also very good, with a pharmacy, a general doctor and a physiotherapy practice right in the centre.<\/p>\n\n\n\n<p>For information about Unterkirnach visit the communitiy&#8217;s website:<\/p>\n\n\n\n<blockquote class=\"wp-block-quote\"><p style=\"padding-left: 30px;\"><a href=\"http:\/\/www.unterkirnach.de\" target=\"_blank\" rel=\"noopener noreferrer\"><strong>www.unterkirnach.de<\/strong><\/a><\/p><\/blockquote>\n","protected":false},"excerpt":{"rendered":"<p>Herzlich Willkommen auf der Website der Ferienwohnung am Wildpflanzenpark! Wir laden Sie und Ihre Familie herzlich ein, eine erholsame Zeit bei uns zu verbringen. Unser Haus liegt in Mitten des Ortskerns von Unterkirnach im Schwarzwald. Der 200m entfernte Unterkirnacher Einkaufsmarkt versorgt Sie mit Lebensmitteln.Ebenfalls in Laufn\u00e4he befinden sich eine Bank mit Geldautomat, ein Friseur, sowie<a class=\"read-more \" href=\"https:\/\/www.ferienwohnungamwildpflanzenpark.de\/\" title=\"Read More\"> <span class=\"button default\">Read More<\/span><\/a><\/p>\n","protected":false},"author":1,"featured_media":126,"parent":0,"menu_order":0,"comment_status":"closed","ping_status":"closed","template":"","meta":[],"_links":{"self":[{"href":"https:\/\/www.ferienwohnungamwildpflanzenpark.de\/index.php\/wp-json\/wp\/v2\/pages\/8"}],"collection":[{"href":"https:\/\/www.ferienwohnungamwildpflanzenpark.de\/index.php\/wp-json\/wp\/v2\/pages"}],"about":[{"href":"https:\/\/www.ferienwohnungamwildpflanzenpark.de\/index.php\/wp-json\/wp\/v2\/types\/page"}],"author":[{"embeddable":true,"href":"https:\/\/www.ferienwohnungamwildpflanzenpark.de\/index.php\/wp-json\/wp\/v2\/users\/1"}],"replies":[{"embeddable":true,"href":"https:\/\/www.ferienwohnungamwildpflanzenpark.de\/index.php\/wp-json\/wp\/v2\/comments?post=8"}],"version-history":[{"count":41,"href":"https:\/\/www.ferienwohnungamwildpflanzenpark.de\/index.php\/wp-json\/wp\/v2\/pages\/8\/revisions"}],"predecessor-version":[{"id":255,"href":"https:\/\/www.ferienwohnungamwildpflanzenpark.de\/index.php\/wp-json\/wp\/v2\/pages\/8\/revisions\/255"}],"wp:featuredmedia":[{"embeddable":true,"href":"https:\/\/www.ferienwohnungamwildpflanzenpark.de\/index.php\/wp-json\/wp\/v2\/media\/126"}],"wp:attachment":[{"href":"https:\/\/www.ferienwohnungamwildpflanzenpark.de\/index.php\/wp-json\/wp\/v2\/media?parent=8"}],"curies":[{"name":"wp","href":"https:\/\/api.w.org\/{rel}","templated":true}]}}