{"id":6,"date":"2016-04-19T20:51:35","date_gmt":"2016-04-19T20:51:35","guid":{"rendered":"http:\/\/ferienwohnungamwildpflanzenpark.de\/?page_id=6"},"modified":"2024-02-04T18:17:55","modified_gmt":"2024-02-04T18:17:55","slug":"anfahrt","status":"publish","type":"page","link":"https:\/\/www.ferienwohnungamwildpflanzenpark.de\/index.php\/anfahrt\/","title":{"rendered":"Anfahrt \/ Directions"},"content":{"rendered":"<p><img loading=\"lazy\" class=\"aligncenter size-full wp-image-248\" src=\"https:\/\/www.ferienwohnungamwildpflanzenpark.de\/wp-content\/uploads\/2024\/02\/flagge_dtld.png\" alt=\"\" width=\"100\" height=\"59\" \/><\/p>\n<p>Unsere Adresse lautet:<\/p>\n<p>Familie Neugart<br \/>\nTalstra\u00dfe 11<br \/>\n78089 Unterkirnach<\/p>\n<p>Der Parkplatz befindet sich auf der Vorderseite des Hauses. Er ist \u00fcber den Wiesenweg zu erreichen. Unten abgebildet ist die Anfahrt von der Hinterseite des Hauses (gr\u00fcn) zum Parkplatz (rot).<\/p>\n<p><img loading=\"lazy\" class=\"aligncenter size-full wp-image-247\" src=\"https:\/\/www.ferienwohnungamwildpflanzenpark.de\/wp-content\/uploads\/2024\/02\/flag_gb.png\" alt=\"\" width=\"100\" height=\"60\" \/><\/p>\n<p>Our address is:<\/p>\n<p>Family Neugart<br \/>\nTalstra\u00dfe 11<br \/>\n78089 Unterkirnach<\/p>\n<p>The parking spot is located at the front-side of the house. It&#8217;s reachable via the Wiesenweg. See the route from the back-side of the house (green) to the parking spot (red) depictured below.<\/p>\n<p><img loading=\"lazy\" class=\"size-full wp-image-17 alignleft\" src=\"http:\/\/www.ferienwohnungamwildpflanzenpark.de\/wp-content\/uploads\/2016\/04\/anfahrt-parkplatz.png\" alt=\"anfahrt parkplatz ueber wiesenweg\" width=\"505\" height=\"404\" \/><\/p>\n<p><iframe loading=\"lazy\" style=\"border: 0;\" src=\"https:\/\/www.google.com\/maps\/embed?pb=!1m18!1m12!1m3!1d2665.5934382536957!2d8.361361315646983!3d48.07948997921884!2m3!1f0!2f0!3f0!3m2!1i1024!2i768!4f13.1!3m3!1m2!1s0x4790954b7fff97f1%3A0x6b45dbd65b94a584!2sTalstra%C3%9Fe+11%2C+78089+Unterkirnach!5e0!3m2!1sde!2sde!4v1470597395563\" width=\"800\" height=\"600\" frameborder=\"0\" allowfullscreen=\"allowfullscreen\"><\/iframe><\/p>\n","protected":false},"excerpt":{"rendered":"<p>Unsere Adresse lautet: Familie Neugart Talstra\u00dfe 11 78089 Unterkirnach Der Parkplatz befindet sich auf der Vorderseite des Hauses. Er ist \u00fcber den Wiesenweg zu erreichen. Unten abgebildet ist die Anfahrt von der Hinterseite des Hauses (gr\u00fcn) zum Parkplatz (rot). Our address is: Family Neugart Talstra\u00dfe 11 78089 Unterkirnach The parking spot is located at the<a class=\"read-more \" href=\"https:\/\/www.ferienwohnungamwildpflanzenpark.de\/index.php\/anfahrt\/\" title=\"Read More\"> <span class=\"button default\">Read More<\/span><\/a><\/p>\n","protected":false},"author":1,"featured_media":122,"parent":0,"menu_order":0,"comment_status":"closed","ping_status":"closed","template":"","meta":[],"_links":{"self":[{"href":"https:\/\/www.ferienwohnungamwildpflanzenpark.de\/index.php\/wp-json\/wp\/v2\/pages\/6"}],"collection":[{"href":"https:\/\/www.ferienwohnungamwildpflanzenpark.de\/index.php\/wp-json\/wp\/v2\/pages"}],"about":[{"href":"https:\/\/www.ferienwohnungamwildpflanzenpark.de\/index.php\/wp-json\/wp\/v2\/types\/page"}],"author":[{"embeddable":true,"href":"https:\/\/www.ferienwohnungamwildpflanzenpark.de\/index.php\/wp-json\/wp\/v2\/users\/1"}],"replies":[{"embeddable":true,"href":"https:\/\/www.ferienwohnungamwildpflanzenpark.de\/index.php\/wp-json\/wp\/v2\/comments?post=6"}],"version-history":[{"count":17,"href":"https:\/\/www.ferienwohnungamwildpflanzenpark.de\/index.php\/wp-json\/wp\/v2\/pages\/6\/revisions"}],"predecessor-version":[{"id":249,"href":"https:\/\/www.ferienwohnungamwildpflanzenpark.de\/index.php\/wp-json\/wp\/v2\/pages\/6\/revisions\/249"}],"wp:featuredmedia":[{"embeddable":true,"href":"https:\/\/www.ferienwohnungamwildpflanzenpark.de\/index.php\/wp-json\/wp\/v2\/media\/122"}],"wp:attachment":[{"href":"https:\/\/www.ferienwohnungamwildpflanzenpark.de\/index.php\/wp-json\/wp\/v2\/media?parent=6"}],"curies":[{"name":"wp","href":"https:\/\/api.w.org\/{rel}","templated":true}]}}