{"id":19,"date":"2016-06-19T09:31:25","date_gmt":"2016-06-19T09:31:25","guid":{"rendered":"http:\/\/www.ferienwohnungamwildpflanzenpark.de\/?page_id=19"},"modified":"2024-02-04T18:20:52","modified_gmt":"2024-02-04T18:20:52","slug":"unser-angebot-our-offer","status":"publish","type":"page","link":"https:\/\/www.ferienwohnungamwildpflanzenpark.de\/index.php\/unser-angebot-our-offer\/","title":{"rendered":"Unser Angebot \/ Our Offer"},"content":{"rendered":"<p><img loading=\"lazy\" class=\"aligncenter size-full wp-image-248\" src=\"https:\/\/www.ferienwohnungamwildpflanzenpark.de\/wp-content\/uploads\/2024\/02\/flagge_dtld.png\" alt=\"\" width=\"100\" height=\"59\" \/><\/p>\n<h3>Wohnen<\/h3>\n<p>Die Wohnung ist komplett im modern interpretierten Landhaus Stil eingerichtet und so ausgestattet, dass es Ihnen an nichts fehlen wird. Der Deutsche Toursimusverband e.V. hat die im Jahr 2016 renovierte 65 m\u00b2 Wohnung mit 5 Sternen ausgezeichnet. Sie werden ein gro\u00dfz\u00fcgiges Schlafzimmer mit gro\u00dfem und bequemem Bett, ein einladendes Wohnzimmer mit Essbereich sowie die modern ausgestattete K\u00fcche vorfinden. Das gro\u00dfe Badezimmer mit separater Dusche und Badewanne und der freundliche Eingangsbereich steht Ihnen alleine zur Verf\u00fcgung. W\u00e4hrend Sie auf der eigenen Terrasse sitzen, k\u00f6nnen Sie den entspannenden Ger\u00e4uschen des angrenzenden Wildpflanzenparks lauschen. Bei einem Spaziergang durch den Park entdeckt man Enten und G\u00e4nse im Talsee sowie die Streuobstwiese am gegen\u00fcberliegenden Hang, auf der in den Sommermonaten Schafe grasen.<\/p>\n<h3>Umfeld<\/h3>\n<p>Unser Haus liegt in Mitten des Ortskerns von Unterkirnach im Schwarzwald. Der 200m entfernte Unterkirnacher Supermarkt Nahkauf versorgt Sie mit Lebensmitteln. Ebenfalls in Laufn\u00e4he befinden sich eine Bank mit Geldautomat, ein Friseur, sowie die in den Nahkauf integrierte Postagentur. Eine Apotheke, ein allgemeiner Arzt, ein Zahnarzt sowie eine physiotherapeutische Praxis befinden sich ebenfalls in der Ortsmitte.<\/p>\n<p>Wenn Sie ohne PKW anreisen, befindet sich n\u00e4chste Bushaltestelle auf Kirnachbr\u00fccke in 300m Entfernung. Sie ist gut zu Fu\u00df zu erreichen.<\/p>\n<h3>Technik<\/h3>\n<ul>\n<li>Internetzugang \u00fcber WLAN mit DSL 16000kBit\/s Anbindung in der ganzen Wohnung<\/li>\n<li>42&#8243; Flachbildfernseher mit Kabelanschluss und DVD-Player<\/li>\n<li>Musikanlage<\/li>\n<li>Induktionsherd<\/li>\n<\/ul>\n<p><img loading=\"lazy\" class=\"aligncenter size-full wp-image-247\" src=\"https:\/\/www.ferienwohnungamwildpflanzenpark.de\/wp-content\/uploads\/2024\/02\/flag_gb.png\" alt=\"\" width=\"100\" height=\"60\" \/><\/p>\n<h3>Living<\/h3>\n<p>Completely furnished with our modern interpreted country home design concept you can expect to have everything you need to enjoy the time during your stay. The 65 m\u00b2 apartment was renovated in 2016 and was awarded with 5 stars by the German tourism association. You will find a spacious bedroom for two with a big and comfortable bed, the welcoming living room with integrated dining area and a modern kitchen with all the equipment you need. The big bathroom with shower and separate tub as well as the friendly entry way will also be just your own to enjoy.\u00a0 Sitting on your private terrace, you can listen to the soothing noises of the local park with indigenous plants which is right in front of the house. Walking through the park, you can watch the ducks and geese in the pond and if you choose to expand your route, you will reach the meadow with scattered fruit trees on the opposite hillside, where sheep graze during the summer months.<\/p>\n<h3>Sourroundings<\/h3>\n<p>The house is centrally located in the village of Unterkirnach in the Black Forest. The apartment offers you a comfortable and unique accommodation for your special vacation. The local grocery store is located only 200 m away. You can also reach a cash point, a hair dresser and a post office quickly by foot. The medical infrastructure of the village is also very good, with a pharmacy, a general doctor and a physiotherapy practice right in the centre.<\/p>\n<p>If you are travelling with public transport, the nearest bus station is only a quick 300m walk down the street.<\/p>\n<h3>Technology<\/h3>\n<ul>\n<li>all around Wifi with DSL 16000kBit\/s<\/li>\n<li>42&#8243; flatscreen TV with cable and DVD player<\/li>\n<li>stereo system<\/li>\n<li>induction cooker<\/li>\n<\/ul>\n","protected":false},"excerpt":{"rendered":"<p>Wohnen Die Wohnung ist komplett im modern interpretierten Landhaus Stil eingerichtet und so ausgestattet, dass es Ihnen an nichts fehlen wird. Der Deutsche Toursimusverband e.V. hat die im Jahr 2016 renovierte 65 m\u00b2 Wohnung mit 5 Sternen ausgezeichnet. Sie werden ein gro\u00dfz\u00fcgiges Schlafzimmer mit gro\u00dfem und bequemem Bett, ein einladendes Wohnzimmer mit Essbereich sowie die<a class=\"read-more \" href=\"https:\/\/www.ferienwohnungamwildpflanzenpark.de\/index.php\/unser-angebot-our-offer\/\" title=\"Read More\"> <span class=\"button default\">Read More<\/span><\/a><\/p>\n","protected":false},"author":1,"featured_media":124,"parent":0,"menu_order":0,"comment_status":"closed","ping_status":"closed","template":"","meta":[],"_links":{"self":[{"href":"https:\/\/www.ferienwohnungamwildpflanzenpark.de\/index.php\/wp-json\/wp\/v2\/pages\/19"}],"collection":[{"href":"https:\/\/www.ferienwohnungamwildpflanzenpark.de\/index.php\/wp-json\/wp\/v2\/pages"}],"about":[{"href":"https:\/\/www.ferienwohnungamwildpflanzenpark.de\/index.php\/wp-json\/wp\/v2\/types\/page"}],"author":[{"embeddable":true,"href":"https:\/\/www.ferienwohnungamwildpflanzenpark.de\/index.php\/wp-json\/wp\/v2\/users\/1"}],"replies":[{"embeddable":true,"href":"https:\/\/www.ferienwohnungamwildpflanzenpark.de\/index.php\/wp-json\/wp\/v2\/comments?post=19"}],"version-history":[{"count":18,"href":"https:\/\/www.ferienwohnungamwildpflanzenpark.de\/index.php\/wp-json\/wp\/v2\/pages\/19\/revisions"}],"predecessor-version":[{"id":252,"href":"https:\/\/www.ferienwohnungamwildpflanzenpark.de\/index.php\/wp-json\/wp\/v2\/pages\/19\/revisions\/252"}],"wp:featuredmedia":[{"embeddable":true,"href":"https:\/\/www.ferienwohnungamwildpflanzenpark.de\/index.php\/wp-json\/wp\/v2\/media\/124"}],"wp:attachment":[{"href":"https:\/\/www.ferienwohnungamwildpflanzenpark.de\/index.php\/wp-json\/wp\/v2\/media?parent=19"}],"curies":[{"name":"wp","href":"https:\/\/api.w.org\/{rel}","templated":true}]}}