{"id":141,"date":"2016-08-07T17:44:38","date_gmt":"2016-08-07T17:44:38","guid":{"rendered":"http:\/\/www.ferienwohnungamwildpflanzenpark.de\/?page_id=141"},"modified":"2025-07-26T13:26:31","modified_gmt":"2025-07-26T13:26:31","slug":"preise-und-buchung-prices-and-booking","status":"publish","type":"page","link":"https:\/\/www.ferienwohnungamwildpflanzenpark.de\/index.php\/preise-und-buchung-prices-and-booking\/","title":{"rendered":"Buchung\/ Booking"},"content":{"rendered":"<h3><img loading=\"lazy\" class=\"aligncenter size-full wp-image-248\" src=\"https:\/\/www.ferienwohnungamwildpflanzenpark.de\/wp-content\/uploads\/2024\/02\/flagge_dtld.png\" alt=\"\" width=\"100\" height=\"59\"><\/h3>\n<h3>Preise<\/h3>\n<p>Der Grundpreis bel\u00e4uft sich auf 75 \u20ac pro Nacht f\u00fcr zwei Personen.<\/p>\n<p>Der Mindestbuchungszeitraum betr\u00e4gt vier N\u00e4chte.<\/p>\n<h3>Buchung<\/h3>\n<p>Hier k\u00f6nnen Buchungen angefragt werden:<br \/>\n<a href=\"http:\/\/ferienwohnung-am-wildpflanzenpark.holiduhost.com\/\" target=\"_blank\" rel=\"noopener\">Bitte hier f\u00fcr die Buchung klicken<\/a><\/p>\n<p><img loading=\"lazy\" class=\"aligncenter size-full wp-image-247\" src=\"https:\/\/www.ferienwohnungamwildpflanzenpark.de\/wp-content\/uploads\/2024\/02\/flag_gb.png\" alt=\"\" width=\"100\" height=\"60\"><\/p>\n<h3>Prices<\/h3>\n<p>The basic price for two people is 75 \u20ac per night.<\/p>\n<p>The minimum length of your stay is four nights.<\/p>\n<h3>Booking<\/h3>\n<p>Below you can hand in your booking:<br \/>\n<a href=\"http:\/\/ferienwohnung-am-wildpflanzenpark.holiduhost.com\/\" target=\"_blank\" rel=\"noopener\">Please click here to book<\/a><\/p>\n","protected":false},"excerpt":{"rendered":"<p>Preise Der Grundpreis bel\u00e4uft sich auf 75 \u20ac pro Nacht f\u00fcr zwei Personen. Der Mindestbuchungszeitraum betr\u00e4gt vier N\u00e4chte. Buchung Hier k\u00f6nnen Buchungen angefragt werden: Bitte hier f\u00fcr die Buchung klicken Prices The basic price for two people is 75 \u20ac per night. The minimum length of your stay is four nights. Booking Below you can<a class=\"read-more \" href=\"https:\/\/www.ferienwohnungamwildpflanzenpark.de\/index.php\/preise-und-buchung-prices-and-booking\/\" title=\"Read More\"> <span class=\"button default\">Read More<\/span><\/a><\/p>\n","protected":false},"author":1,"featured_media":105,"parent":0,"menu_order":0,"comment_status":"closed","ping_status":"closed","template":"","meta":[],"_links":{"self":[{"href":"https:\/\/www.ferienwohnungamwildpflanzenpark.de\/index.php\/wp-json\/wp\/v2\/pages\/141"}],"collection":[{"href":"https:\/\/www.ferienwohnungamwildpflanzenpark.de\/index.php\/wp-json\/wp\/v2\/pages"}],"about":[{"href":"https:\/\/www.ferienwohnungamwildpflanzenpark.de\/index.php\/wp-json\/wp\/v2\/types\/page"}],"author":[{"embeddable":true,"href":"https:\/\/www.ferienwohnungamwildpflanzenpark.de\/index.php\/wp-json\/wp\/v2\/users\/1"}],"replies":[{"embeddable":true,"href":"https:\/\/www.ferienwohnungamwildpflanzenpark.de\/index.php\/wp-json\/wp\/v2\/comments?post=141"}],"version-history":[{"count":34,"href":"https:\/\/www.ferienwohnungamwildpflanzenpark.de\/index.php\/wp-json\/wp\/v2\/pages\/141\/revisions"}],"predecessor-version":[{"id":267,"href":"https:\/\/www.ferienwohnungamwildpflanzenpark.de\/index.php\/wp-json\/wp\/v2\/pages\/141\/revisions\/267"}],"wp:featuredmedia":[{"embeddable":true,"href":"https:\/\/www.ferienwohnungamwildpflanzenpark.de\/index.php\/wp-json\/wp\/v2\/media\/105"}],"wp:attachment":[{"href":"https:\/\/www.ferienwohnungamwildpflanzenpark.de\/index.php\/wp-json\/wp\/v2\/media?parent=141"}],"curies":[{"name":"wp","href":"https:\/\/api.w.org\/{rel}","templated":true}]}}